{"id":7234,"date":"2020-01-30T17:38:35","date_gmt":"2020-01-30T16:38:35","guid":{"rendered":"https:\/\/domainedelarenne.gorelkine.com\/produit\/offre-decouverte\/"},"modified":"2025-01-11T18:10:51","modified_gmt":"2025-01-11T17:10:51","slug":"offre-decouverte","status":"publish","type":"product","link":"https:\/\/domainedelarenne.com\/en\/product\/offre-decouverte\/","title":{"rendered":"Discovery Promo Offer"},"content":{"rendered":"","protected":false},"excerpt":{"rendered":"","protected":false},"featured_media":7876,"template":"","meta":{"_seopress_robots_primary_cat":"none","_seopress_titles_title":"","_seopress_titles_desc":"Discover our most beautiful products. White, red and ros\u00e9. A selection box to taste our know-how. To offer or to refine your choice according to your preferences. Sauvignon, Cuv\u00e9es sp\u00e9ciales sans souffre ajout\u00e9, Chenonceaux...","_seopress_robots_index":"","_exactmetrics_skip_tracking":false,"_exactmetrics_sitenote_active":false,"_exactmetrics_sitenote_note":"","_exactmetrics_sitenote_category":0},"product_brand":[],"product_cat":[44],"product_tag":[340,213,341,221,342,222,343,223,344,300,335,336,337,338,339,212],"class_list":{"0":"post-7234","1":"product","2":"type-product","3":"status-publish","4":"has-post-thumbnail","6":"product_cat-selections-en","7":"product_tag-tasting-box","8":"product_tag-touraine-en","9":"product_tag-tasting","10":"product_tag-beauval-zoo","11":"product_tag-our-finest-products","12":"product_tag-chenonceaux-castle","13":"product_tag-touraine-wines","14":"product_tag-saint-romain-sur-cher-en","15":"product_tag-six-wines-selection","16":"product_tag-between-sens-and-tours","17":"product_tag-discovery-promo-offer","18":"product_tag-selection-of-our-best-wines","19":"product_tag-red-wines","20":"product_tag-white-wines","21":"product_tag-gift-box","22":"product_tag-domaine-de-la-renne-en","23":"product_shipping_class-still-wine","25":"first","26":"instock","27":"taxable","28":"shipping-taxable","29":"purchasable","30":"product-type-simple"},"_links":{"self":[{"href":"https:\/\/domainedelarenne.com\/en\/wp-json\/wp\/v2\/product\/7234","targetHints":{"allow":["GET"]}}],"collection":[{"href":"https:\/\/domainedelarenne.com\/en\/wp-json\/wp\/v2\/product"}],"about":[{"href":"https:\/\/domainedelarenne.com\/en\/wp-json\/wp\/v2\/types\/product"}],"wp:featuredmedia":[{"embeddable":true,"href":"https:\/\/domainedelarenne.com\/en\/wp-json\/wp\/v2\/media\/7876"}],"wp:attachment":[{"href":"https:\/\/domainedelarenne.com\/en\/wp-json\/wp\/v2\/media?parent=7234"}],"wp:term":[{"taxonomy":"product_brand","embeddable":true,"href":"https:\/\/domainedelarenne.com\/en\/wp-json\/wp\/v2\/product_brand?post=7234"},{"taxonomy":"product_cat","embeddable":true,"href":"https:\/\/domainedelarenne.com\/en\/wp-json\/wp\/v2\/product_cat?post=7234"},{"taxonomy":"product_tag","embeddable":true,"href":"https:\/\/domainedelarenne.com\/en\/wp-json\/wp\/v2\/product_tag?post=7234"}],"curies":[{"name":"wp","href":"https:\/\/api.w.org\/{rel}","templated":true}]}}